{"id":309,"date":"2025-04-01T12:59:23","date_gmt":"2025-04-01T10:59:23","guid":{"rendered":"https:\/\/yahee-project.com\/?page_id=309"},"modified":"2025-10-09T14:44:19","modified_gmt":"2025-10-09T12:44:19","slug":"equipe","status":"publish","type":"page","link":"https:\/\/yahee-project.com\/index.php\/fr\/equipe\/","title":{"rendered":"Equipe"},"content":{"rendered":"\n<div style=\"height:100px\" aria-hidden=\"true\" class=\"wp-block-spacer\"><\/div>\n\n\n\n<h2 class=\"wp-block-heading\"><strong>Belgique<\/strong><\/h2>\n\n\n\n<hr class=\"wp-block-separator has-alpha-channel-opacity is-style-wide\"\/>\n\n\n\n<div class=\"wp-block-columns is-layout-flex wp-container-core-columns-is-layout-1 wp-block-columns-is-layout-flex\">\n<div class=\"wp-block-column is-layout-flow wp-block-column-is-layout-flow\" style=\"flex-basis:33.33%\">\n<figure class=\"wp-block-image size-large is-resized\"><img decoding=\"async\" src=\"http:\/\/yahee-project.com\/wp-content\/uploads\/2025\/01\/Greet.jpg\" alt=\"\" style=\"width:137px;height:auto\"\/><\/figure>\n<\/div>\n\n\n\n<div class=\"wp-block-column is-layout-flow wp-block-column-is-layout-flow\" style=\"flex-basis:66.66%\">\n<h4 class=\"wp-block-heading\">Greet CARDON<\/h4>\n\n\n\n<p>Universit\u00e9 de&nbsp;Gand, D\u00e9partement des&nbsp;Sciences du Mouvement et du Sport, Gand, Belgique. Professeur titulaire, chef du&nbsp;D\u00e9partement des&nbsp;Sciences du Mouvement et du Sport.<\/p>\n\n\n\n<p><strong><strong>R\u00f4le dans<\/strong> YAHEE : co-coordinatrice du projet YAHEE, responsable du volet YAHEE-ADOPT.<\/strong><\/p>\n<\/div>\n<\/div>\n\n\n\n<div class=\"wp-block-columns is-layout-flex wp-container-core-columns-is-layout-2 wp-block-columns-is-layout-flex\">\n<div class=\"wp-block-column is-layout-flow wp-block-column-is-layout-flow\" style=\"flex-basis:33.33%\">\n<figure class=\"wp-block-image size-large is-resized\"><img decoding=\"async\" src=\"http:\/\/yahee-project.com\/wp-content\/uploads\/2025\/01\/Stefanie.jpg\" alt=\"\" style=\"width:140px;height:auto\"\/><\/figure>\n<\/div>\n\n\n\n<div class=\"wp-block-column is-layout-flow wp-block-column-is-layout-flow\" style=\"flex-basis:66.66%\">\n<h4 class=\"wp-block-heading\">Stefanie VANDEVIJVERE<\/h4>\n\n\n\n<p>Institut de recherche Sciensano, Bruxelles, Belgique. Scientifique senior en nutrition et sant\u00e9 publique.<\/p>\n\n\n\n<p><strong>R\u00f4le dans YAHEE<\/strong>\u00a0: <strong>co-responsable du volet YAHEE-ADOPT ; experte pour YAHEE-ADOPT (\u00e9tude de cas).<\/strong><\/p>\n<\/div>\n<\/div>\n\n\n\n<div class=\"wp-block-columns is-layout-flex wp-container-core-columns-is-layout-3 wp-block-columns-is-layout-flex\">\n<div class=\"wp-block-column is-layout-flow wp-block-column-is-layout-flow\" style=\"flex-basis:33.33%\">\n<figure class=\"wp-block-image size-full is-resized\"><img decoding=\"async\" width=\"154\" height=\"189\" src=\"https:\/\/yahee-project.com\/wp-content\/uploads\/2025\/02\/ben.png\" alt=\"\" class=\"wp-image-174\" style=\"width:140px;height:auto\"\/><\/figure>\n<\/div>\n\n\n\n<div class=\"wp-block-column is-layout-flow wp-block-column-is-layout-flow\" style=\"flex-basis:66.66%\">\n<h4 class=\"wp-block-heading\">Ben GOEDONS<\/h4>\n\n\n\n<p>Universit\u00e9 de Gand, D\u00e9partement des Sciences du Mouvement et du Sport, Gand, Belgique. Doctorant en sciences de la sant\u00e9.<\/p>\n\n\n\n<p><strong><strong>R\u00f4le dans YAHEE<\/strong>&nbsp;: doctorant pour le volet YAHEE-ADOPT.<\/strong><\/p>\n<\/div>\n<\/div>\n\n\n\n<h2 class=\"wp-block-heading\">France<\/h2>\n\n\n\n<hr class=\"wp-block-separator has-alpha-channel-opacity is-style-wide\"\/>\n\n\n\n<div class=\"wp-block-columns is-layout-flex wp-container-core-columns-is-layout-4 wp-block-columns-is-layout-flex\">\n<div class=\"wp-block-column is-layout-flow wp-block-column-is-layout-flow\" style=\"flex-basis:33.33%\">\n<figure class=\"wp-block-image size-large is-resized\"><img decoding=\"async\" src=\"http:\/\/yahee-project.com\/wp-content\/uploads\/2025\/01\/Jean.png\" alt=\"\" style=\"width:137px;height:auto\"\/><\/figure>\n<\/div>\n\n\n\n<div class=\"wp-block-column is-layout-flow wp-block-column-is-layout-flow\" style=\"flex-basis:66.66%\">\n<h4 class=\"wp-block-heading\">Jean-Michel OPPERT<\/h4>\n\n\n\n<p>Universit\u00e9 Sorbonne Paris Nord (USPN), Unit\u00e9 de Recherche en \u00c9pid\u00e9miologie Nutritionnelle (EREN), Centre de Recherche en \u00c9pid\u00e9miologie et Statistiques, Bobigny, France. Professeur en nutrition.<\/p>\n\n\n\n<p><strong><strong><strong>R\u00f4le dans YAHEE<\/strong>&nbsp;: coordinateur du projet YAHEE, responsable du volet YAHEE-SYNTHESIZE.<\/strong><\/strong><\/p>\n<\/div>\n<\/div>\n\n\n\n<div class=\"wp-block-columns is-layout-flex wp-container-core-columns-is-layout-5 wp-block-columns-is-layout-flex\">\n<div class=\"wp-block-column is-layout-flow wp-block-column-is-layout-flow\" style=\"flex-basis:33.33%\">\n<figure class=\"wp-block-image size-large is-resized\"><img decoding=\"async\" src=\"http:\/\/yahee-project.com\/wp-content\/uploads\/2025\/01\/Alice.png\" alt=\"\" style=\"width:137px;height:auto\"\/><\/figure>\n<\/div>\n\n\n\n<div class=\"wp-block-column is-layout-flow wp-block-column-is-layout-flow\" style=\"flex-basis:66.66%\">\n<h4 class=\"wp-block-heading\">Alice BELLICHA<\/h4>\n\n\n\n<p>Universit\u00e9 Sorbonne Paris Nord (USPN), Unit\u00e9 de Recherche en \u00c9pid\u00e9miologie Nutritionnelle (EREN), Centre de Recherche en \u00c9pid\u00e9miologie et Statistiques, Bobigny, France. Professeure en nutrition et sant\u00e9 publique.<\/p>\n\n\n\n<p><strong><strong>R\u00f4le dans YAHEE<\/strong>&nbsp;: responsable du volet YAHEE-OBSERVE ; experte pour YAHEE-OBSERVE (\u00e9tude CoCoNut).<\/strong><\/p>\n<\/div>\n<\/div>\n\n\n\n<div class=\"wp-block-columns is-layout-flex wp-container-core-columns-is-layout-6 wp-block-columns-is-layout-flex\">\n<div class=\"wp-block-column is-layout-flow wp-block-column-is-layout-flow\" style=\"flex-basis:33.33%\">\n<figure class=\"wp-block-image size-large is-resized\"><img decoding=\"async\" src=\"http:\/\/yahee-project.com\/wp-content\/uploads\/2025\/01\/Helene.png\" alt=\"\" style=\"width:137px;height:auto\"\/><\/figure>\n<\/div>\n\n\n\n<div class=\"wp-block-column is-layout-flow wp-block-column-is-layout-flow\" style=\"flex-basis:66.66%\">\n<h4 class=\"wp-block-heading\">H\u00e9l\u00e8ne CHARREIRE<\/h4>\n\n\n\n<p>Universit\u00e9 de Montpellier, MOISA, INRAe, Montpellier, France. Chercheuse en g\u00e9ographie de la sant\u00e9.<\/p>\n\n\n\n<p><strong><strong><strong>R\u00f4le dans YAHEE<\/strong>&nbsp;: co-responsable du volet YAHEE-CHANGE ; experte pour les volets YAHEE-OBSERVE et YAHEE-CHANGE.<\/strong><\/strong><\/p>\n<\/div>\n<\/div>\n\n\n\n<div class=\"wp-block-columns is-layout-flex wp-container-core-columns-is-layout-7 wp-block-columns-is-layout-flex\">\n<div class=\"wp-block-column is-layout-flow wp-block-column-is-layout-flow\" style=\"flex-basis:33.33%\">\n<figure class=\"wp-block-image size-full is-resized\"><img fetchpriority=\"high\" decoding=\"async\" width=\"251\" height=\"295\" src=\"https:\/\/yahee-project.com\/wp-content\/uploads\/2025\/02\/morgane.jpg\" alt=\"\" class=\"wp-image-175\" style=\"width:137px;height:auto\"\/><\/figure>\n<\/div>\n\n\n\n<div class=\"wp-block-column is-layout-flow wp-block-column-is-layout-flow\" style=\"flex-basis:66.66%\">\n<h4 class=\"wp-block-heading\">Morgane FIALON<\/h4>\n\n\n\n<p>Universit\u00e9 Sorbonne Paris Nord (USPN), Unit\u00e9 de Recherche en \u00c9pid\u00e9miologie Nutritionnelle (EREN), Centre de Recherche en \u00c9pid\u00e9miologie et Statistiques, Bobigny, France. Cheffe de projet, docteure en sant\u00e9 publique.<\/p>\n\n\n\n<p><strong><strong><strong><strong>R\u00f4le dans YAHEE<\/strong>&nbsp;: communication pour le volet YAHEE-OBSERVE (\u00e9tude CoCoNut).<\/strong><\/strong><\/strong><\/p>\n<\/div>\n<\/div>\n\n\n\n<h2 class=\"wp-block-heading\">Germany<\/h2>\n\n\n\n<hr class=\"wp-block-separator has-alpha-channel-opacity is-style-wide\"\/>\n\n\n\n<div class=\"wp-block-columns is-layout-flex wp-container-core-columns-is-layout-8 wp-block-columns-is-layout-flex\">\n<div class=\"wp-block-column is-layout-flow wp-block-column-is-layout-flow\" style=\"flex-basis:33.33%\">\n<figure class=\"wp-block-image size-large is-resized\"><img decoding=\"async\" src=\"http:\/\/yahee-project.com\/wp-content\/uploads\/2025\/01\/Eva.jpg\" alt=\"\" style=\"width:137px;height:auto\"\/><\/figure>\n<\/div>\n\n\n\n<div class=\"wp-block-column is-layout-flow wp-block-column-is-layout-flow\" style=\"flex-basis:66.66%\">\n<h4 class=\"wp-block-heading\">Eva REHFUESS<\/h4>\n\n\n\n<p>Universit\u00e9 Ludwig-Maximilians de Munich (LMU Munich), Munich, Allemagne. Professeure titulaire, chaire de Sant\u00e9 Publique et Recherche sur les Services de Sant\u00e9.<\/p>\n\n\n\n<p><strong><strong><strong><strong>R\u00f4le dans YAHEE<\/strong>&nbsp;: coordinatrice des contributions de LMU Munich ; co-responsable du volet YAHEE-SYNTHESIZE ; experte pour le volet YAHEE-ADOPT.<\/strong><\/strong><\/strong><\/p>\n<\/div>\n<\/div>\n\n\n\n<div class=\"wp-block-columns is-layout-flex wp-container-core-columns-is-layout-9 wp-block-columns-is-layout-flex\">\n<div class=\"wp-block-column is-layout-flow wp-block-column-is-layout-flow\" style=\"flex-basis:33.33%\">\n<figure class=\"wp-block-image size-large is-resized\"><img decoding=\"async\" src=\"http:\/\/yahee-project.com\/wp-content\/uploads\/2025\/01\/Julie.jpg\" alt=\"\" style=\"width:137px;height:auto\"\/><\/figure>\n<\/div>\n\n\n\n<div class=\"wp-block-column is-layout-flow wp-block-column-is-layout-flow\" style=\"flex-basis:66.66%\">\n<h4 class=\"wp-block-heading\">Jule SCHMITZ<\/h4>\n\n\n\n<p>Universit\u00e9 Ludwig-Maximilians de Munich (LMU Munich), Munich, Allemagne. Associ\u00e9e de recherche, chaire de Sant\u00e9 Publique et Recherche sur les Services de Sant\u00e9.<\/p>\n\n\n\n<p><strong><strong><strong><strong><strong>R\u00f4le dans YAHEE<\/strong>&nbsp;: soutien pour le volet YAHEE-ADOPT ; experte pour le volet YAHEE-SYNTHESIZE (mod\u00e8le logique bas\u00e9 sur le syst\u00e8me).<\/strong><\/strong><\/strong><\/strong><\/p>\n<\/div>\n<\/div>\n\n\n\n<div class=\"wp-block-columns is-layout-flex wp-container-core-columns-is-layout-10 wp-block-columns-is-layout-flex\">\n<div class=\"wp-block-column is-layout-flow wp-block-column-is-layout-flow\" style=\"flex-basis:33.33%\">\n<figure class=\"wp-block-image size-large is-resized\"><img decoding=\"async\" src=\"http:\/\/yahee-project.com\/wp-content\/uploads\/2025\/01\/Kerstin.jpg\" alt=\"\" style=\"width:137px;height:auto\"\/><\/figure>\n<\/div>\n\n\n\n<div class=\"wp-block-column is-layout-flow wp-block-column-is-layout-flow\" style=\"flex-basis:66.66%\">\n<h4 class=\"wp-block-heading\">Kerstin SELL<\/h4>\n\n\n\n<p>Universit\u00e9 Ludwig-Maximilians de Munich (LMU Munich), Munich, Allemagne. Chercheuse associ\u00e9e, chaire de Sant\u00e9 Publique et Recherche sur les Services de Sant\u00e9.<\/p>\n\n\n\n<p><strong><strong><strong><strong><strong><strong>R\u00f4le dans YAHEE<\/strong>&nbsp;: experte pour le volet YAHEE-ADOPT (revue syst\u00e9matique).<\/strong><\/strong><\/strong><\/strong><\/strong><\/p>\n<\/div>\n<\/div>\n\n\n\n<div class=\"wp-block-columns is-layout-flex wp-container-core-columns-is-layout-11 wp-block-columns-is-layout-flex\">\n<div class=\"wp-block-column is-layout-flow wp-block-column-is-layout-flow\" style=\"flex-basis:33.33%\">\n<figure class=\"wp-block-image size-large is-resized\"><img decoding=\"async\" src=\"http:\/\/yahee-project.com\/wp-content\/uploads\/2025\/01\/Peter.jpg\" alt=\"\" style=\"width:137px;height:auto\"\/><\/figure>\n<\/div>\n\n\n\n<div class=\"wp-block-column is-layout-flow wp-block-column-is-layout-flow\" style=\"flex-basis:66.66%\">\n<h4 class=\"wp-block-heading\">Peter VON PHILIPSBORN<\/h4>\n\n\n\n<p>Universit\u00e9 Ludwig-Maximilians de Munich (LMU Munich), Munich, Allemagne. Responsable d&rsquo;un groupe de recherche, chaire de Sant\u00e9 Publique et Recherche sur les Services de Sant\u00e9.<\/p>\n\n\n\n<p><strong><strong><strong><strong><strong><strong><strong>R\u00f4le dans YAHEE<\/strong>&nbsp;: co-coordonnateur des contributions LMU Munich ; responsable du volet YAHEE-ADOPT.<\/strong><\/strong><\/strong><\/strong><\/strong><\/strong><\/p>\n<\/div>\n<\/div>\n\n\n\n<div class=\"wp-block-columns is-layout-flex wp-container-core-columns-is-layout-12 wp-block-columns-is-layout-flex\">\n<div class=\"wp-block-column is-layout-flow wp-block-column-is-layout-flow\" style=\"flex-basis:33.33%\">\n<figure class=\"wp-block-image size-full is-resized\"><img decoding=\"async\" width=\"152\" height=\"189\" src=\"https:\/\/yahee-project.com\/wp-content\/uploads\/2025\/02\/Carmen.png\" alt=\"\" class=\"wp-image-176\" style=\"width:137px;height:auto\"\/><\/figure>\n<\/div>\n\n\n\n<div class=\"wp-block-column is-layout-flow wp-block-column-is-layout-flow\" style=\"flex-basis:66.66%\">\n<h4 class=\"wp-block-heading\">Carmen KLINGER<\/h4>\n\n\n\n<p>Universit\u00e9 Ludwig-Maximilians de Munich (LMU Munich), Munich, Allemagne. Chercheuse associ\u00e9e, chaire de Sant\u00e9 Publique et Recherche sur les Services de Sant\u00e9.<\/p>\n\n\n\n<p><strong><strong><strong><strong><strong><strong><strong><strong>R\u00f4le dans YAHEE<\/strong>&nbsp;: experte pour le volet YAHEE-ADOPT (<em>Group Model Building<\/em>).<\/strong><\/strong><\/strong><\/strong><\/strong><\/strong><\/strong><\/p>\n<\/div>\n<\/div>\n\n\n\n<h2 class=\"wp-block-heading\">Netherlands<\/h2>\n\n\n\n<hr class=\"wp-block-separator has-alpha-channel-opacity is-style-wide\"\/>\n\n\n\n<div class=\"wp-block-columns is-layout-flex wp-container-core-columns-is-layout-13 wp-block-columns-is-layout-flex\">\n<div class=\"wp-block-column is-layout-flow wp-block-column-is-layout-flow\" style=\"flex-basis:33.33%\">\n<figure class=\"wp-block-image size-large is-resized\"><img decoding=\"async\" src=\"http:\/\/yahee-project.com\/wp-content\/uploads\/2025\/01\/Mary.jpg\" alt=\"\" style=\"width:137px;height:auto\"\/><\/figure>\n<\/div>\n\n\n\n<div class=\"wp-block-column is-layout-flow wp-block-column-is-layout-flow\" style=\"flex-basis:66.66%\">\n<h4 class=\"wp-block-heading\">Mary NICOLAOU<\/h4>\n\n\n\n<p>Universit\u00e9 d&rsquo;Amsterdam, Centre M\u00e9dical Universitaire d&rsquo;Amsterdam, Pays-Bas. Professeure assistante au D\u00e9partement de Sant\u00e9 Publique et Sant\u00e9 au Travail.<\/p>\n\n\n\n<p><strong><strong><strong><strong><strong><strong><strong>R\u00f4le dans YAHEE<\/strong>&nbsp;: co-responsable du volet YAHEE-OBSERVE ; experte pour les volets YAHEE-OBSERVE (<em>Helius study<\/em>) et YAHEE-CHANGE (<em>TravelTrack<\/em>&nbsp;;&nbsp;<em>Group Model Building<\/em>).<\/strong><\/strong><\/strong><\/strong><\/strong><\/strong><\/p>\n<\/div>\n<\/div>\n\n\n\n<div class=\"wp-block-columns is-layout-flex wp-container-core-columns-is-layout-14 wp-block-columns-is-layout-flex\">\n<div class=\"wp-block-column is-layout-flow wp-block-column-is-layout-flow\" style=\"flex-basis:33.33%\">\n<figure class=\"wp-block-image size-full is-resized\"><img loading=\"lazy\" decoding=\"async\" width=\"161\" height=\"188\" src=\"https:\/\/yahee-project.com\/wp-content\/uploads\/2025\/02\/Mara.png\" alt=\"\" class=\"wp-image-177\" style=\"width:137px;height:auto\"\/><\/figure>\n<\/div>\n\n\n\n<div class=\"wp-block-column is-layout-flow wp-block-column-is-layout-flow\" style=\"flex-basis:66.66%\">\n<h4 class=\"wp-block-heading\">Mara KIRSCHNER<\/h4>\n\n\n\n<p>Centre M\u00e9dical Universitaire d&rsquo;Amsterdam, Universit\u00e9 d&rsquo;Amsterdam, Pays-Bas. Chercheuse postdoctorale au D\u00e9partement de Sant\u00e9 Publique et Sant\u00e9 au Travail.<\/p>\n\n\n\n<p><strong><strong><strong><strong><strong><strong><strong><strong>R\u00f4le dans YAHEE<\/strong>&nbsp;: chercheuse postdoctorale pour les volets YAHEE-OBSERVE (<em>Helius study<\/em>) et YAHEE-CHANGE.<\/strong><\/strong><\/strong><\/strong><\/strong><\/strong><\/strong><\/p>\n<\/div>\n<\/div>\n\n\n\n<h2 class=\"wp-block-heading\">Taiwan<\/h2>\n\n\n\n<hr class=\"wp-block-separator has-alpha-channel-opacity is-style-wide\"\/>\n\n\n\n<div class=\"wp-block-columns is-layout-flex wp-container-core-columns-is-layout-15 wp-block-columns-is-layout-flex\">\n<div class=\"wp-block-column is-layout-flow wp-block-column-is-layout-flow\" style=\"flex-basis:33.33%\">\n<figure class=\"wp-block-image size-large is-resized\"><img decoding=\"async\" src=\"http:\/\/yahee-project.com\/wp-content\/uploads\/2025\/01\/Susan.png\" alt=\"\" style=\"width:137px;height:auto\"\/><\/figure>\n<\/div>\n\n\n\n<div class=\"wp-block-column is-layout-flow wp-block-column-is-layout-flow\" style=\"flex-basis:66.66%\">\n<h4 class=\"wp-block-heading\">Susan HU<\/h4>\n\n\n\n<p>Universit\u00e9 Nationale Cheng Kung (NCKU), Tainan City, Ta\u00efwan. Cheffe du D\u00e9partement de Sant\u00e9 Publique et directrice du Centre de Recherche Healthy City.<\/p>\n\n\n\n<p><strong><strong><strong><strong><strong><strong><strong><strong>R\u00f4le dans YAHEE<\/strong>&nbsp;: co-responsable des volets YAHEE-CHANGE et YAHEE-ADOPT ; experte pour les volets YAHEE-CHANGE (<em>TravelTrack<\/em>) et YAHEE-ADOPT (\u00e9tude de cas).<\/strong><\/strong><\/strong><\/strong><\/strong><\/strong><\/strong><\/p>\n<\/div>\n<\/div>\n\n\n\n<div class=\"wp-block-columns is-layout-flex wp-container-core-columns-is-layout-16 wp-block-columns-is-layout-flex\">\n<div class=\"wp-block-column is-layout-flow wp-block-column-is-layout-flow\" style=\"flex-basis:33.33%\">\n<figure class=\"wp-block-image size-full is-resized\"><img loading=\"lazy\" decoding=\"async\" width=\"159\" height=\"188\" src=\"https:\/\/yahee-project.com\/wp-content\/uploads\/2025\/02\/Nuan.png\" alt=\"\" class=\"wp-image-178\" style=\"width:137px;height:auto\"\/><\/figure>\n<\/div>\n\n\n\n<div class=\"wp-block-column is-layout-flow wp-block-column-is-layout-flow\" style=\"flex-basis:66.66%\">\n<h4 class=\"wp-block-heading\">Nuan-Ching HUANG<\/h4>\n\n\n\n<p>Universit\u00e9 M\u00e9dicale Chung Shan (CSMU), Taichung City, Ta\u00efwan. Professeure assistante au D\u00e9partement de Sant\u00e9 Publique, Facult\u00e9 des Soins et Gestion sanitaire.<\/p>\n\n\n\n<p><strong><strong><strong><strong><strong><strong><strong><strong><strong>R\u00f4le dans YAHEE:<\/strong>&nbsp;experte pour les volets YAHEE-CHANGE (<em>TravelTrack<\/em>) et YAHEE-ADOPT (\u00e9tude de cas).<\/strong><\/strong><\/strong><\/strong><\/strong><\/strong><\/strong><\/strong><\/p>\n<\/div>\n<\/div>\n\n\n\n<div class=\"wp-block-columns is-layout-flex wp-container-core-columns-is-layout-17 wp-block-columns-is-layout-flex\">\n<div class=\"wp-block-column is-layout-flow wp-block-column-is-layout-flow\" style=\"flex-basis:33.33%\">\n<figure class=\"wp-block-image size-full is-resized\"><img loading=\"lazy\" decoding=\"async\" width=\"159\" height=\"188\" src=\"https:\/\/yahee-project.com\/wp-content\/uploads\/2025\/02\/Wan.png\" alt=\"\" class=\"wp-image-179\" style=\"width:137px;height:auto\"\/><\/figure>\n<\/div>\n\n\n\n<div class=\"wp-block-column is-layout-flow wp-block-column-is-layout-flow\" style=\"flex-basis:66.66%\">\n<h4 class=\"wp-block-heading\">Wan-Chen HSU<\/h4>\n\n\n\n<p>Universit\u00e9 Nationale Cheng Kung (NCKU), Tainan City, Ta\u00efwan. Doctorante au D\u00e9partement de Sant\u00e9 Publique.<\/p>\n\n\n\n<p><strong><strong><strong><strong><strong><strong><strong><strong><strong><strong>R\u00f4le dans YAHEE<\/strong>&nbsp;: experte pour YAHEE-CHANGE (<em>TravelTrack<\/em>) et YAHEE-ADOPT (\u00e9tude de cas).<\/strong><\/strong><\/strong><\/strong><\/strong><\/strong><\/strong><\/strong><\/strong><\/p>\n<\/div>\n<\/div>\n\n\n\n<div class=\"wp-block-columns is-layout-flex wp-container-core-columns-is-layout-18 wp-block-columns-is-layout-flex\">\n<div class=\"wp-block-column is-layout-flow wp-block-column-is-layout-flow\" style=\"flex-basis:33.33%\">\n<figure class=\"wp-block-image size-full is-resized\"><img loading=\"lazy\" decoding=\"async\" width=\"159\" height=\"192\" src=\"https:\/\/yahee-project.com\/wp-content\/uploads\/2025\/02\/Tzu.png\" alt=\"\" class=\"wp-image-180\" style=\"width:137px;height:auto\"\/><\/figure>\n<\/div>\n\n\n\n<div class=\"wp-block-column is-layout-flow wp-block-column-is-layout-flow\" style=\"flex-basis:66.66%\">\n<h4 class=\"wp-block-heading\">Tzu-Yuan CHAO<\/h4>\n\n\n\n<p>Universit\u00e9 Nationale Cheng Kung (NCKU), Tainan City, Ta\u00efwan. Professeur au D\u00e9partement de Planification Urbaine.<\/p>\n\n\n\n<p><strong><strong><strong><strong><strong><strong><strong><strong><strong><strong><strong>R\u00f4le dans YAHEE<\/strong>&nbsp;: expert pour YAHEE-CHANGE (<em>TravelTrack<\/em>).<\/strong><\/strong><\/strong><\/strong><\/strong><\/strong><\/strong><\/strong><\/strong><\/strong><\/p>\n<\/div>\n<\/div>\n\n\n\n<div class=\"wp-block-columns is-layout-flex wp-container-core-columns-is-layout-19 wp-block-columns-is-layout-flex\">\n<div class=\"wp-block-column is-layout-flow wp-block-column-is-layout-flow\" style=\"flex-basis:33.33%\">\n<figure class=\"wp-block-image size-full is-resized\"><img loading=\"lazy\" decoding=\"async\" width=\"159\" height=\"192\" src=\"https:\/\/yahee-project.com\/wp-content\/uploads\/2025\/02\/Linda.png\" alt=\"\" class=\"wp-image-181\" style=\"width:137px;height:auto\"\/><\/figure>\n<\/div>\n\n\n\n<div class=\"wp-block-column is-layout-flow wp-block-column-is-layout-flow\" style=\"flex-basis:66.66%\">\n<h4 class=\"wp-block-heading\">Linda Li Chuan LIN<\/h4>\n\n\n\n<p>Universit\u00e9 Nationale Cheng Kung (NCKU), Tainan City, Ta\u00efwan. Professeure \u00e0 l&rsquo;Institut d&rsquo;\u00c9ducation Physique, Sant\u00e9 et \u00c9tudes de Loisirs.<\/p>\n\n\n\n<p><strong><strong><strong><strong><strong><strong><strong><strong><strong><strong><strong><strong>R\u00f4le dans YAHEE<\/strong>&nbsp;: experte pour YAHEE-ADOPT (\u00e9tude de cas \u2013 activit\u00e9 physique).<\/strong><\/strong><\/strong><\/strong><\/strong><\/strong><\/strong><\/strong><\/strong><\/strong><\/strong><\/p>\n<\/div>\n<\/div>\n\n\n\n<div class=\"wp-block-columns is-layout-flex wp-container-core-columns-is-layout-20 wp-block-columns-is-layout-flex\">\n<div class=\"wp-block-column is-layout-flow wp-block-column-is-layout-flow\" style=\"flex-basis:33.33%\">\n<figure class=\"wp-block-image size-full is-resized\"><img loading=\"lazy\" decoding=\"async\" width=\"247\" height=\"293\" src=\"https:\/\/yahee-project.com\/wp-content\/uploads\/2025\/02\/Cheau.png\" alt=\"\" class=\"wp-image-182\" style=\"width:137px;height:auto\"\/><\/figure>\n<\/div>\n\n\n\n<div class=\"wp-block-column is-layout-flow wp-block-column-is-layout-flow\" style=\"flex-basis:66.66%\">\n<h4 class=\"wp-block-heading\">Cheau-Jane PENG<\/h4>\n\n\n\n<p>Universit\u00e9 des Sciences et Technologies du Sud de Ta\u00efwan (STUST), Tainan City, Ta\u00efwan. Pr\u00e9sidente et professeure associ\u00e9e au D\u00e9partement des Services et Bien-\u00eatre des Seniors.<\/p>\n\n\n\n<p><strong><strong><strong><strong><strong><strong><strong><strong><strong><strong><strong><strong><strong>R\u00f4le dans YAHEE<\/strong>&nbsp;: experte pour YAHEE-ADOPT (\u00e9tude de cas \u2013 alimentation saine).<\/strong><\/strong><\/strong><\/strong><\/strong><\/strong><\/strong><\/strong><\/strong><\/strong><\/strong><\/strong><\/p>\n<\/div>\n<\/div>\n\n\n\n<p><\/p>\n","protected":false},"excerpt":{"rendered":"<p>Belgique Greet CARDON Universit\u00e9 de&nbsp;Gand, D\u00e9partement des&nbsp;Sciences du Mouvement et du Sport, Gand, Belgique. Professeur titulaire, chef du&nbsp;D\u00e9partement des&nbsp;Sciences du [&hellip;]<\/p>\n","protected":false},"author":1,"featured_media":0,"parent":0,"menu_order":0,"comment_status":"closed","ping_status":"closed","template":"","meta":{"site-sidebar-layout":"default","site-content-layout":"","ast-site-content-layout":"","site-content-style":"default","site-sidebar-style":"default","ast-global-header-display":"","ast-banner-title-visibility":"","ast-main-header-display":"","ast-hfb-above-header-display":"","ast-hfb-below-header-display":"","ast-hfb-mobile-header-display":"","site-post-title":"disabled","ast-breadcrumbs-content":"","ast-featured-img":"","footer-sml-layout":"","theme-transparent-header-meta":"","adv-header-id-meta":"","stick-header-meta":"","header-above-stick-meta":"","header-main-stick-meta":"","header-below-stick-meta":"","astra-migrate-meta-layouts":"default","ast-page-background-enabled":"default","ast-page-background-meta":{"desktop":{"background-color":"var(--ast-global-color-5)","background-image":"","background-repeat":"repeat","background-position":"center center","background-size":"auto","background-attachment":"scroll","background-type":"","background-media":"","overlay-type":"","overlay-color":"","overlay-opacity":"","overlay-gradient":""},"tablet":{"background-color":"","background-image":"","background-repeat":"repeat","background-position":"center center","background-size":"auto","background-attachment":"scroll","background-type":"","background-media":"","overlay-type":"","overlay-color":"","overlay-opacity":"","overlay-gradient":""},"mobile":{"background-color":"","background-image":"","background-repeat":"repeat","background-position":"center center","background-size":"auto","background-attachment":"scroll","background-type":"","background-media":"","overlay-type":"","overlay-color":"","overlay-opacity":"","overlay-gradient":""}},"ast-content-background-meta":{"desktop":{"background-color":"var(--ast-global-color-4)","background-image":"","background-repeat":"repeat","background-position":"center center","background-size":"auto","background-attachment":"scroll","background-type":"","background-media":"","overlay-type":"","overlay-color":"","overlay-opacity":"","overlay-gradient":""},"tablet":{"background-color":"var(--ast-global-color-4)","background-image":"","background-repeat":"repeat","background-position":"center center","background-size":"auto","background-attachment":"scroll","background-type":"","background-media":"","overlay-type":"","overlay-color":"","overlay-opacity":"","overlay-gradient":""},"mobile":{"background-color":"var(--ast-global-color-4)","background-image":"","background-repeat":"repeat","background-position":"center center","background-size":"auto","background-attachment":"scroll","background-type":"","background-media":"","overlay-type":"","overlay-color":"","overlay-opacity":"","overlay-gradient":""}},"footnotes":""},"class_list":["post-309","page","type-page","status-publish","hentry"],"_links":{"self":[{"href":"https:\/\/yahee-project.com\/index.php\/wp-json\/wp\/v2\/pages\/309","targetHints":{"allow":["GET"]}}],"collection":[{"href":"https:\/\/yahee-project.com\/index.php\/wp-json\/wp\/v2\/pages"}],"about":[{"href":"https:\/\/yahee-project.com\/index.php\/wp-json\/wp\/v2\/types\/page"}],"author":[{"embeddable":true,"href":"https:\/\/yahee-project.com\/index.php\/wp-json\/wp\/v2\/users\/1"}],"replies":[{"embeddable":true,"href":"https:\/\/yahee-project.com\/index.php\/wp-json\/wp\/v2\/comments?post=309"}],"version-history":[{"count":2,"href":"https:\/\/yahee-project.com\/index.php\/wp-json\/wp\/v2\/pages\/309\/revisions"}],"predecessor-version":[{"id":354,"href":"https:\/\/yahee-project.com\/index.php\/wp-json\/wp\/v2\/pages\/309\/revisions\/354"}],"wp:attachment":[{"href":"https:\/\/yahee-project.com\/index.php\/wp-json\/wp\/v2\/media?parent=309"}],"curies":[{"name":"wp","href":"https:\/\/api.w.org\/{rel}","templated":true}]}}