{"id":307,"date":"2025-04-01T12:51:17","date_gmt":"2025-04-01T10:51:17","guid":{"rendered":"https:\/\/yahee-project.com\/?page_id=307"},"modified":"2025-10-09T14:43:17","modified_gmt":"2025-10-09T12:43:17","slug":"projet","status":"publish","type":"page","link":"https:\/\/yahee-project.com\/index.php\/fr\/projet\/","title":{"rendered":"Projet"},"content":{"rendered":"\n<div style=\"height:100px\" aria-hidden=\"true\" class=\"wp-block-spacer\"><\/div>\n\n\n\n<h4 class=\"wp-block-heading\"><strong><strong><mark style=\"background-color:rgba(0, 0, 0, 0);color:#273a74\" class=\"has-inline-color\"><strong>Que signifie YAHEE ?<\/strong><\/mark><\/strong><\/strong><\/h4>\n\n\n\n<p>YAHEE signifie <em>Young Adults in Health-enhancing Equitable Environment<\/em>s : Jeunes adultes dans des environnements \u00e9quitables favorables \u00e0 la sant\u00e9.<\/p>\n\n\n\n<h4 class=\"wp-block-heading\"><strong><strong><strong><mark style=\"background-color:rgba(0, 0, 0, 0);color:#273a74\" class=\"has-inline-color\"><strong>Quelle est la dur\u00e9e du projet ?<\/strong><\/mark><\/strong><\/strong><\/strong><\/h4>\n\n\n\n<p>Le projet a \u00e9t\u00e9 lanc\u00e9 le 1er avril 2024 et durera 3 ans.<\/p>\n\n\n\n<h4 class=\"wp-block-heading\"><strong><strong><strong><strong><mark style=\"background-color:rgba(0, 0, 0, 0);color:#273a74\" class=\"has-inline-color\"><strong>Quels sont les pays impliqu\u00e9s ?<\/strong><\/mark><\/strong><\/strong><\/strong><\/strong><\/h4>\n\n\n\n<p>Le projet implique quatre pays europ\u00e9ens (Belgique, France, Allemagne, Pays-Bas) et un pays asiatique (Ta\u00efwan).<\/p>\n\n\n\n<figure class=\"wp-block-image aligncenter size-full is-resized\"><img fetchpriority=\"high\" decoding=\"async\" width=\"1920\" height=\"1080\" src=\"https:\/\/yahee-project.com\/wp-content\/uploads\/2025\/10\/carte-site-YAHEE.png\" alt=\"\" class=\"wp-image-350\" style=\"width:898px;height:auto\" srcset=\"https:\/\/yahee-project.com\/wp-content\/uploads\/2025\/10\/carte-site-YAHEE.png 1920w, https:\/\/yahee-project.com\/wp-content\/uploads\/2025\/10\/carte-site-YAHEE-300x169.png 300w, https:\/\/yahee-project.com\/wp-content\/uploads\/2025\/10\/carte-site-YAHEE-1024x576.png 1024w, https:\/\/yahee-project.com\/wp-content\/uploads\/2025\/10\/carte-site-YAHEE-768x432.png 768w, https:\/\/yahee-project.com\/wp-content\/uploads\/2025\/10\/carte-site-YAHEE-1536x864.png 1536w\" sizes=\"(max-width: 1920px) 100vw, 1920px\" \/><\/figure>\n\n\n\n<h4 class=\"wp-block-heading\"><strong><mark style=\"background-color:rgba(0, 0, 0, 0);color:#273a74\" class=\"has-inline-color\"><strong>Qui finance le projet ?<\/strong><\/mark><\/strong><\/h4>\n\n\n\n<p>Il s&rsquo;agit d&rsquo;une initiative europ\u00e9enne r\u00e9pondant \u00e0 l&rsquo;appel \u00e0 projets lanc\u00e9 par ERA4Health, HealthEquity 2023. Chaque pays finance \u00e9galement le projet via diff\u00e9rentes organisations :<\/p>\n\n\n\n<p><strong>Ta\u00efwan<\/strong>&nbsp;: Conseil National des Sciences et Technologies \u2013 NSTC.<\/p>\n\n\n\n<p><strong>Belgique<\/strong>&nbsp;: Fondation de Recherche Flandres \u2013 FWO<\/p>\n\n\n\n<p><strong>Pays-Bas<\/strong>&nbsp;: Organisation Nationale N\u00e9erlandaise pour la Recherche en Sant\u00e9 et l&rsquo;Innovation des Soins de Sant\u00e9 \u2013 ZonMw<\/p>\n\n\n\n<p><strong>France<\/strong>&nbsp;: Agence Nationale de la Recherche \u2013 ANR<\/p>\n\n\n\n<p><strong>Allemagne<\/strong>&nbsp;: Minist\u00e8re F\u00e9d\u00e9ral de l&rsquo;\u00c9ducation et de la Recherche \u2013 BMBF<\/p>\n\n\n\n<h4 class=\"wp-block-heading\"><strong><mark style=\"background-color:rgba(0, 0, 0, 0);color:#273a74\" class=\"has-inline-color\"><strong>Quel est l&rsquo;objectif principal du projet ?<\/strong><\/mark><\/strong><\/h4>\n\n\n\n<p>Comprendre quels facteurs environnementaux agissent comme leviers ou obstacles \u00e0 l&rsquo;adoption de comportements alimentaires et d&rsquo;activit\u00e9 physique favorables \u00e0 la sant\u00e9 chez les jeunes adultes en situation socio-\u00e9conomique d\u00e9favoris\u00e9e, en particulier les \u00e9tudiants.<\/p>\n\n\n\n<h4 class=\"wp-block-heading\"><strong><mark style=\"background-color:rgba(0, 0, 0, 0);color:#273a74\" class=\"has-inline-color\"><strong>Quelle est la population cible ?<\/strong><\/mark><\/strong><\/h4>\n\n\n\n<p>Bien que plusieurs mesures \u00e9tudi\u00e9es par YAHEE puissent b\u00e9n\u00e9ficier \u00e0 l&rsquo;ensemble de la population, le groupe cible principal est constitu\u00e9 de jeunes adultes (18-25 ans), car la transition de l&rsquo;adolescence \u00e0 l&rsquo;\u00e2ge adulte est consid\u00e9r\u00e9e comme une p\u00e9riode critique pour d\u00e9velopper de nouvelles habitudes de vie. Une partie du travail se concentre sur des groupes sp\u00e9cifiques :<\/p>\n\n\n\n<ul class=\"wp-block-list\">\n<li>Les jeunes adultes confront\u00e9s \u00e0 des barri\u00e8res \u00e9conomiques, notamment en raison de la crise actuelle du co\u00fbt de la vie et des cons\u00e9quences de la pand\u00e9mie de COVID-19.<\/li>\n\n\n\n<li>Les \u00e9tudiants en enseignement sup\u00e9rieur (universit\u00e9s, \u00e9coles professionnelles).<\/li>\n<\/ul>\n\n\n\n<h4 class=\"wp-block-heading\"><strong><mark style=\"background-color:rgba(0, 0, 0, 0);color:#273a74\" class=\"has-inline-color\"><strong>Quelles m\u00e9thodes sont mobilis\u00e9es ?<\/strong><\/mark><\/strong><\/h4>\n\n\n\n<p>YAHEE utilise des strat\u00e9gies innovantes bas\u00e9es sur une approche syst\u00e9mique et participative. Des \u00e9tudes sur le terrain utiliseront un nouvel outil num\u00e9rique permettant aux jeunes citoyens europ\u00e9ens de surveiller leurs environnements pour promouvoir le transport actif et les comportements alimentaires sains. La m\u00e9thode&nbsp;de modalisation participative <em>Group Model Building<\/em>&nbsp;(GMB) sera \u00e9galement utilis\u00e9e tout au long du projet pour impliquer activement les citoyens, les partenaires locaux et les d\u00e9cideurs dans le processus de recherche ainsi que dans la d\u00e9finition des implications pratiques et politiques.<\/p>\n\n\n\n<h4 class=\"wp-block-heading\"><strong><mark style=\"background-color:rgba(0, 0, 0, 0);color:#273a74\" class=\"has-inline-color\"><a style=\"text-decoration: none;\" href=\"https:\/\/yahee-project.com\/index.php\/team\/\" data-type=\"page\" data-id=\"10\"><strong>Qui est responsable du projet ?<\/strong><\/a><\/mark><\/strong><\/h4>\n\n\n\n<p>YAHEE repose sur une recherche multidisciplinaire impliquant des chercheurs europ\u00e9ens et ta\u00efwanais ayant une expertise reconnue dans divers domaines tels que la nutrition, la mesure et promotion de l&rsquo;activit\u00e9 physique, la g\u00e9ographie de la sant\u00e9, l&rsquo;\u00e9pid\u00e9miologie, la sant\u00e9 publique et la pr\u00e9vention des maladies non transmissibles, ainsi que les sciences politiques et les approches participatives. Ce consortium collaborera \u00e9troitement d\u00e8s le d\u00e9but avec les jeunes adultes, les partenaires locaux et les d\u00e9cideurs.<\/p>\n\n\n\n<h4 class=\"wp-block-heading\"><strong><mark style=\"background-color:rgba(0, 0, 0, 0);color:#273a74\" class=\"has-inline-color\"><strong>Quelles sont les principales \u00e9tapes du projet ?<\/strong><\/mark><\/strong><\/h4>\n\n\n\n<p>YAHEE suit un plan bien d\u00e9fini avec quatre volets compl\u00e9mentaires (<em>work packages<\/em>). Une \u00e9quipe de coordination veille \u00e0 un avancement int\u00e9gr\u00e9 et ponctuel ainsi qu&rsquo;\u00e0 une gestion appropri\u00e9e des aspects \u00e9thiques et des donn\u00e9es.<\/p>\n\n\n\n<figure class=\"wp-block-image aligncenter size-large\"><img decoding=\"async\" width=\"1024\" height=\"576\" src=\"https:\/\/yahee-project.com\/wp-content\/uploads\/2025\/10\/schema-site-YAHEE-FR-1024x576.png\" alt=\"\" class=\"wp-image-352\" srcset=\"https:\/\/yahee-project.com\/wp-content\/uploads\/2025\/10\/schema-site-YAHEE-FR-1024x576.png 1024w, https:\/\/yahee-project.com\/wp-content\/uploads\/2025\/10\/schema-site-YAHEE-FR-300x169.png 300w, https:\/\/yahee-project.com\/wp-content\/uploads\/2025\/10\/schema-site-YAHEE-FR-768x432.png 768w, https:\/\/yahee-project.com\/wp-content\/uploads\/2025\/10\/schema-site-YAHEE-FR-1536x864.png 1536w, https:\/\/yahee-project.com\/wp-content\/uploads\/2025\/10\/schema-site-YAHEE-FR.png 1920w\" sizes=\"(max-width: 1024px) 100vw, 1024px\" \/><\/figure>\n\n\n\n<p><\/p>\n","protected":false},"excerpt":{"rendered":"<p>Que signifie YAHEE ? YAHEE signifie Young Adults in Health-enhancing Equitable Environments : Jeunes adultes dans des environnements \u00e9quitables favorables [&hellip;]<\/p>\n","protected":false},"author":1,"featured_media":0,"parent":0,"menu_order":0,"comment_status":"closed","ping_status":"closed","template":"","meta":{"site-sidebar-layout":"default","site-content-layout":"","ast-site-content-layout":"","site-content-style":"default","site-sidebar-style":"default","ast-global-header-display":"","ast-banner-title-visibility":"","ast-main-header-display":"","ast-hfb-above-header-display":"","ast-hfb-below-header-display":"","ast-hfb-mobile-header-display":"","site-post-title":"disabled","ast-breadcrumbs-content":"","ast-featured-img":"","footer-sml-layout":"","theme-transparent-header-meta":"","adv-header-id-meta":"","stick-header-meta":"","header-above-stick-meta":"","header-main-stick-meta":"","header-below-stick-meta":"","astra-migrate-meta-layouts":"default","ast-page-background-enabled":"default","ast-page-background-meta":{"desktop":{"background-color":"var(--ast-global-color-5)","background-image":"","background-repeat":"repeat","background-position":"center center","background-size":"auto","background-attachment":"scroll","background-type":"","background-media":"","overlay-type":"","overlay-color":"","overlay-opacity":"","overlay-gradient":""},"tablet":{"background-color":"","background-image":"","background-repeat":"repeat","background-position":"center center","background-size":"auto","background-attachment":"scroll","background-type":"","background-media":"","overlay-type":"","overlay-color":"","overlay-opacity":"","overlay-gradient":""},"mobile":{"background-color":"","background-image":"","background-repeat":"repeat","background-position":"center center","background-size":"auto","background-attachment":"scroll","background-type":"","background-media":"","overlay-type":"","overlay-color":"","overlay-opacity":"","overlay-gradient":""}},"ast-content-background-meta":{"desktop":{"background-color":"var(--ast-global-color-4)","background-image":"","background-repeat":"repeat","background-position":"center center","background-size":"auto","background-attachment":"scroll","background-type":"","background-media":"","overlay-type":"","overlay-color":"","overlay-opacity":"","overlay-gradient":""},"tablet":{"background-color":"var(--ast-global-color-4)","background-image":"","background-repeat":"repeat","background-position":"center center","background-size":"auto","background-attachment":"scroll","background-type":"","background-media":"","overlay-type":"","overlay-color":"","overlay-opacity":"","overlay-gradient":""},"mobile":{"background-color":"var(--ast-global-color-4)","background-image":"","background-repeat":"repeat","background-position":"center center","background-size":"auto","background-attachment":"scroll","background-type":"","background-media":"","overlay-type":"","overlay-color":"","overlay-opacity":"","overlay-gradient":""}},"footnotes":""},"class_list":["post-307","page","type-page","status-publish","hentry"],"_links":{"self":[{"href":"https:\/\/yahee-project.com\/index.php\/wp-json\/wp\/v2\/pages\/307","targetHints":{"allow":["GET"]}}],"collection":[{"href":"https:\/\/yahee-project.com\/index.php\/wp-json\/wp\/v2\/pages"}],"about":[{"href":"https:\/\/yahee-project.com\/index.php\/wp-json\/wp\/v2\/types\/page"}],"author":[{"embeddable":true,"href":"https:\/\/yahee-project.com\/index.php\/wp-json\/wp\/v2\/users\/1"}],"replies":[{"embeddable":true,"href":"https:\/\/yahee-project.com\/index.php\/wp-json\/wp\/v2\/comments?post=307"}],"version-history":[{"count":5,"href":"https:\/\/yahee-project.com\/index.php\/wp-json\/wp\/v2\/pages\/307\/revisions"}],"predecessor-version":[{"id":353,"href":"https:\/\/yahee-project.com\/index.php\/wp-json\/wp\/v2\/pages\/307\/revisions\/353"}],"wp:attachment":[{"href":"https:\/\/yahee-project.com\/index.php\/wp-json\/wp\/v2\/media?parent=307"}],"curies":[{"name":"wp","href":"https:\/\/api.w.org\/{rel}","templated":true}]}}