{"id":274,"date":"2025-04-01T12:12:40","date_gmt":"2025-04-01T10:12:40","guid":{"rendered":"https:\/\/yahee-project.com\/?page_id=274"},"modified":"2025-10-09T14:45:30","modified_gmt":"2025-10-09T12:45:30","slug":"accueil","status":"publish","type":"page","link":"https:\/\/yahee-project.com\/index.php\/fr\/accueil\/","title":{"rendered":"Accueil"},"content":{"rendered":"\n<div class=\"wp-block-group is-layout-constrained wp-block-group-is-layout-constrained\">\n<h4 class=\"wp-block-heading\"><strong><mark style=\"background-color:rgba(0, 0, 0, 0);color:#273a74\" class=\"has-inline-color\"><a style=\"text-decoration: none;\" href=\"https:\/\/yahee-project.com\/index.php\/project\/\" data-type=\"page\" data-id=\"7\"><strong>Le projet YAHEE<\/strong><\/a><\/mark><\/strong><\/h4>\n\n\n\n<p>Le projet s\u2019appuie sur les sciences citoyennes et participatives pour favoriser la co-production de connaissances sur les facteurs environnementaux agissant comme des leviers ou obstacles \u00e0 l\u2019adoption de comportements alimentaires et d\u2019activit\u00e9 physique favorables \u00e0 la sant\u00e9 chez des jeunes adultes en Europe (Belgique, France, Allemagne, Pays-Bas) et en Asie (Taiwan).<\/p>\n<\/div>\n\n\n\n<div class=\"wp-block-group is-layout-constrained wp-block-group-is-layout-constrained\">\n<h4 class=\"wp-block-heading\"><strong><mark style=\"background-color:rgba(0, 0, 0, 0); color:#273a74;\" class=\"has-inline-color\"><strong>R\u00e9sum\u00e9<\/strong><\/mark><\/strong><\/h4>\n\n\n\n<p>Le projet YAHEE (Young Adults in Health-enhancing Equitable Environments) est une initiative europ\u00e9enne r\u00e9pondant \u00e0 l&rsquo;appel \u00e0 projets lanc\u00e9 par ERA4Health, HealthEquity 2023.<\/p>\n\n\n\n<p id=\"block-aa2e331b-cd4c-40da-981e-f05c95bd05a2\">Ce projet r\u00e9unit cinq pays d&rsquo;Europe et d&rsquo;Asie (France, Pays-Bas, Allemagne, Belgique et Ta\u00efwan) pour chercher \u00e0 comprendre quels facteurs de l\u2019environnement agissent comme levier et obstacles \u00e0 l\u2019adoption de comportements alimentaires et d\u2019activit\u00e9 physique favorables \u00e0 la sant\u00e9 chez les jeunes adultes en position socio\u00e9conomique d\u00e9favorable, en particulier la population \u00e9tudiante.<\/p>\n\n\n\n<p>Pour atteindre cet objectif, YAHEE s\u2019engage activement en incluant les jeunes adultes, cibles et b\u00e9n\u00e9ficiaires du projet, les parties prenantes locales et les d\u00e9cideurs politiques pour collecter des informations sur les leviers potentiels pour les politiques.<\/p>\n\n\n\n<p>La transition de l&rsquo;adolescence \u00e0 l&rsquo;\u00e2ge adulte est cruciale pour l&rsquo;adoption d&rsquo;habitudes de vie saines. Le projet YAHEE adopte une approche syst\u00e9mique et participative, impliquant la science citoyenne et la construction des ateliers de mod\u00e9lisation participative, pour mieux comprendre et aborder les facteurs influen\u00e7ant les comportements de sant\u00e9 chez les jeunes adultes d\u00e9favoris\u00e9s en Europe et en Asie, et pour promouvoir des politiques et interventions plus \u00e9quitables.<\/p>\n<\/div>\n\n\n\n<h4 class=\"wp-block-heading has-text-align-left has-ast-global-color-4-background-color has-background\">        <strong>Actualit\u00e9s<\/strong><\/h4>\n\n\n\n            <aside class=\"bluesky-social-integration-last-post theme-system display-default\" aria-label=\"List of the latest Bluesky Posts\">\n                    \n                \n                <ul class=\"bluesky-social-integration-last-post-list\">\n\n                    \n                    <li class=\"bluesky-social-integration-last-post-item\">\n\n                        \n                        <a title=\"Get to this post\" href=\"https:\/\/bsky.app\/profile\/yahee.bsky.social\/post\/3lrgkcejols2o\" class=\"bluesky-social-integration-last-post-link\"><span class=\"screen-reader-text\">Get to this post<\/span><\/a>\n                        <div class=\"bluesky-social-integration-last-post-header\">\n                                                        <img decoding=\"async\" src=\"https:\/\/cdn.bsky.app\/img\/avatar\/plain\/did:plc:qup5vkqwkvpji7glmt4v3qdk\/bafkreie2xbi75m6zxpeocgrvctkpxq2mreh3bocwealcmwrbd7e725mk34\" width=\"42\" height=\"42\" alt=\"\" class=\"avatar post-avatar\">\n                        <\/div>\n                        <div class=\"bluesky-social-integration-last-post-content\">\n                            <p class=\"bluesky-social-integration-post-account-info-names\">\n                                                                <span class=\"bluesky-social-integration-post-account-info-name\">YAHEE &#8211; Young Adults in Health-Enhancing Equitable Environments<\/span>\n                                <span class=\"bluesky-social-integration-post-account-info-handle\">@yahee.bsky.social<\/span>\n                                <span class=\"bluesky-social-integration-post-account-info-date\">10\u00a0mois<\/span>\n                            <\/p>\n\n                            <div class=\"bluesky-social-integration-post-content-text\" lang=\"en\">\n                            \n                            Great to share learnings on the use of citizen Science in the promotion of physical activity and healthy nutrition and to see our YAHEE project being presented by Ben Goedons in this symposium at the ISBNPA meeting.                                 <div class=\"bluesky-social-integration-post-gallery\" style=\"--bluesky-gallery-nb: 2\">\n                                                                        <a href=\"https:\/\/cdn.bsky.app\/img\/feed_fullsize\/plain\/did:plc:qup5vkqwkvpji7glmt4v3qdk\/bafkreigj2w33fnhmbkqlzelpernorr7wde2hwxgsh23fgvroeto62o2d2a\" class=\"bluesky-gallery-image\"><img loading=\"lazy\" decoding=\"async\" src=\"https:\/\/cdn.bsky.app\/img\/feed_fullsize\/plain\/did:plc:qup5vkqwkvpji7glmt4v3qdk\/bafkreigj2w33fnhmbkqlzelpernorr7wde2hwxgsh23fgvroeto62o2d2a\" alt=\"\"  width=\"2000\"  height=\"1500\" loading=\"lazy\"><\/a>\n                                                                        <a href=\"https:\/\/cdn.bsky.app\/img\/feed_fullsize\/plain\/did:plc:qup5vkqwkvpji7glmt4v3qdk\/bafkreifv7jxnkklwkm73tfpxk4moqw633o3i3mokxaob2t3c2htlnkbkxy\" class=\"bluesky-gallery-image\"><img loading=\"lazy\" decoding=\"async\" src=\"https:\/\/cdn.bsky.app\/img\/feed_fullsize\/plain\/did:plc:qup5vkqwkvpji7glmt4v3qdk\/bafkreifv7jxnkklwkm73tfpxk4moqw633o3i3mokxaob2t3c2htlnkbkxy\" alt=\"\"  width=\"2000\"  height=\"1500\" loading=\"lazy\"><\/a>\n                                                                    <\/div>\n                                \n                            \n                            <\/div>\n\n                                                    <\/div>\n\n                        \n                    <\/li>\n\n                    \n                    <li class=\"bluesky-social-integration-last-post-item\">\n\n                        \n                        <a title=\"Get to this post\" href=\"https:\/\/bsky.app\/profile\/yahee.bsky.social\/post\/3lmfw3vlwhk2a\" class=\"bluesky-social-integration-last-post-link\"><span class=\"screen-reader-text\">Get to this post<\/span><\/a>\n                        <div class=\"bluesky-social-integration-last-post-header\">\n                                                        <img decoding=\"async\" src=\"https:\/\/cdn.bsky.app\/img\/avatar\/plain\/did:plc:qup5vkqwkvpji7glmt4v3qdk\/bafkreie2xbi75m6zxpeocgrvctkpxq2mreh3bocwealcmwrbd7e725mk34\" width=\"42\" height=\"42\" alt=\"\" class=\"avatar post-avatar\">\n                        <\/div>\n                        <div class=\"bluesky-social-integration-last-post-content\">\n                            <p class=\"bluesky-social-integration-post-account-info-names\">\n                                                                <span class=\"bluesky-social-integration-post-account-info-name\">YAHEE &#8211; Young Adults in Health-Enhancing Equitable Environments<\/span>\n                                <span class=\"bluesky-social-integration-post-account-info-handle\">@yahee.bsky.social<\/span>\n                                <span class=\"bluesky-social-integration-post-account-info-date\">1\u00a0an<\/span>\n                            <\/p>\n\n                            <div class=\"bluesky-social-integration-post-content-text\" lang=\"en\">\n                            \n                            So exciting to learn from each other and collaborate to study the food and physical activity environment linked to Health inequity.                                 <div class=\"bluesky-social-integration-post-gallery\" style=\"--bluesky-gallery-nb: 2\">\n                                                                        <a href=\"https:\/\/cdn.bsky.app\/img\/feed_fullsize\/plain\/did:plc:qup5vkqwkvpji7glmt4v3qdk\/bafkreibyz6oevjpfvsiyy4ho45o52p7bxzaavus3o7r3jzfmbqprfulfbu\" class=\"bluesky-gallery-image\"><img loading=\"lazy\" decoding=\"async\" src=\"https:\/\/cdn.bsky.app\/img\/feed_fullsize\/plain\/did:plc:qup5vkqwkvpji7glmt4v3qdk\/bafkreibyz6oevjpfvsiyy4ho45o52p7bxzaavus3o7r3jzfmbqprfulfbu\" alt=\"\"  width=\"2000\"  height=\"1500\" loading=\"lazy\"><\/a>\n                                                                        <a href=\"https:\/\/cdn.bsky.app\/img\/feed_fullsize\/plain\/did:plc:qup5vkqwkvpji7glmt4v3qdk\/bafkreifgjrqhmexrrtsusejfngw7intvll46fsk6agkmavfvkhpnl27vv4\" class=\"bluesky-gallery-image\"><img loading=\"lazy\" decoding=\"async\" src=\"https:\/\/cdn.bsky.app\/img\/feed_fullsize\/plain\/did:plc:qup5vkqwkvpji7glmt4v3qdk\/bafkreifgjrqhmexrrtsusejfngw7intvll46fsk6agkmavfvkhpnl27vv4\" alt=\"\"  width=\"2000\"  height=\"1500\" loading=\"lazy\"><\/a>\n                                                                    <\/div>\n                                \n                            \n                            <\/div>\n\n                                                    <\/div>\n\n                        \n                    <\/li>\n\n                    \n                    <li class=\"bluesky-social-integration-last-post-item\">\n\n                        \n                        <a title=\"Get to this post\" href=\"https:\/\/bsky.app\/profile\/yahee.bsky.social\/post\/3llbuhcwe4c26\" class=\"bluesky-social-integration-last-post-link\"><span class=\"screen-reader-text\">Get to this post<\/span><\/a>\n                        <div class=\"bluesky-social-integration-last-post-header\">\n                                                        <img decoding=\"async\" src=\"https:\/\/cdn.bsky.app\/img\/avatar\/plain\/did:plc:qup5vkqwkvpji7glmt4v3qdk\/bafkreie2xbi75m6zxpeocgrvctkpxq2mreh3bocwealcmwrbd7e725mk34\" width=\"42\" height=\"42\" alt=\"\" class=\"avatar post-avatar\">\n                        <\/div>\n                        <div class=\"bluesky-social-integration-last-post-content\">\n                            <p class=\"bluesky-social-integration-post-account-info-names\">\n                                                                <span class=\"bluesky-social-integration-post-account-info-name\">YAHEE &#8211; Young Adults in Health-Enhancing Equitable Environments<\/span>\n                                <span class=\"bluesky-social-integration-post-account-info-handle\">@yahee.bsky.social<\/span>\n                                <span class=\"bluesky-social-integration-post-account-info-date\">1\u00a0an<\/span>\n                            <\/p>\n\n                            <div class=\"bluesky-social-integration-post-content-text\" lang=\"en\">\n                            \n                            Today we had a great meeting with some staff members from the Flemish Institute of Healthy Living and they were very enthousiastic about our citizen Science work by Ben Goedons within YAHEE, an ERA4Health project, funded through FWO.                                 <div class=\"bluesky-social-integration-post-gallery\" style=\"--bluesky-gallery-nb: 2\">\n                                                                        <a href=\"https:\/\/cdn.bsky.app\/img\/feed_fullsize\/plain\/did:plc:qup5vkqwkvpji7glmt4v3qdk\/bafkreibehlj2lup57v42rqnqsqwq7sw7jjsvddbjep733grgbjf4st6ug4\" class=\"bluesky-gallery-image\"><img loading=\"lazy\" decoding=\"async\" src=\"https:\/\/cdn.bsky.app\/img\/feed_fullsize\/plain\/did:plc:qup5vkqwkvpji7glmt4v3qdk\/bafkreibehlj2lup57v42rqnqsqwq7sw7jjsvddbjep733grgbjf4st6ug4\" alt=\"\"  width=\"2000\"  height=\"1500\" loading=\"lazy\"><\/a>\n                                                                        <a href=\"https:\/\/cdn.bsky.app\/img\/feed_fullsize\/plain\/did:plc:qup5vkqwkvpji7glmt4v3qdk\/bafkreid452yin47xuvntklz6seoebx2mbzes3rhj53d3u4xydddnhjtq54\" class=\"bluesky-gallery-image\"><img loading=\"lazy\" decoding=\"async\" src=\"https:\/\/cdn.bsky.app\/img\/feed_fullsize\/plain\/did:plc:qup5vkqwkvpji7glmt4v3qdk\/bafkreid452yin47xuvntklz6seoebx2mbzes3rhj53d3u4xydddnhjtq54\" alt=\"\"  width=\"2000\"  height=\"1523\" loading=\"lazy\"><\/a>\n                                                                    <\/div>\n                                \n                            \n                            <\/div>\n\n                                                    <\/div>\n\n                        \n                    <\/li>\n\n                    \n                    <li class=\"bluesky-social-integration-last-post-item\">\n\n                        \n                        <a title=\"Get to this post\" href=\"https:\/\/bsky.app\/profile\/yahee.bsky.social\/post\/3lkbujbknlk24\" class=\"bluesky-social-integration-last-post-link\"><span class=\"screen-reader-text\">Get to this post<\/span><\/a>\n                        <div class=\"bluesky-social-integration-last-post-header\">\n                                                        <img decoding=\"async\" src=\"https:\/\/cdn.bsky.app\/img\/avatar\/plain\/did:plc:qup5vkqwkvpji7glmt4v3qdk\/bafkreie2xbi75m6zxpeocgrvctkpxq2mreh3bocwealcmwrbd7e725mk34\" width=\"42\" height=\"42\" alt=\"\" class=\"avatar post-avatar\">\n                        <\/div>\n                        <div class=\"bluesky-social-integration-last-post-content\">\n                            <p class=\"bluesky-social-integration-post-account-info-names\">\n                                                                <span class=\"bluesky-social-integration-post-account-info-name\">YAHEE &#8211; Young Adults in Health-Enhancing Equitable Environments<\/span>\n                                <span class=\"bluesky-social-integration-post-account-info-handle\">@yahee.bsky.social<\/span>\n                                <span class=\"bluesky-social-integration-post-account-info-date\">1\u00a0an<\/span>\n                            <\/p>\n\n                            <div class=\"bluesky-social-integration-post-content-text\" lang=\"en\">\n                            \n                            Great to have our colleagues from Paris and Prague over to discuss the rich data set of the WEALTH study.                                <div class=\"bluesky-social-integration-post-gallery\" style=\"--bluesky-gallery-nb: 2\">\n                                                                        <a href=\"https:\/\/cdn.bsky.app\/img\/feed_fullsize\/plain\/did:plc:qup5vkqwkvpji7glmt4v3qdk\/bafkreicwjrfedaabq7v7lkg7ftg4jn7pfiajpr3ll3fo5nhxy6dtlajkim\" class=\"bluesky-gallery-image\"><img loading=\"lazy\" decoding=\"async\" src=\"https:\/\/cdn.bsky.app\/img\/feed_fullsize\/plain\/did:plc:qup5vkqwkvpji7glmt4v3qdk\/bafkreicwjrfedaabq7v7lkg7ftg4jn7pfiajpr3ll3fo5nhxy6dtlajkim\" alt=\"\"  width=\"2000\"  height=\"1500\" loading=\"lazy\"><\/a>\n                                                                        <a href=\"https:\/\/cdn.bsky.app\/img\/feed_fullsize\/plain\/did:plc:qup5vkqwkvpji7glmt4v3qdk\/bafkreigtx5o55ypw45x57gmh4udh75e4jqvhw43qha23ikzrai2vyzndsy\" class=\"bluesky-gallery-image\"><img loading=\"lazy\" decoding=\"async\" src=\"https:\/\/cdn.bsky.app\/img\/feed_fullsize\/plain\/did:plc:qup5vkqwkvpji7glmt4v3qdk\/bafkreigtx5o55ypw45x57gmh4udh75e4jqvhw43qha23ikzrai2vyzndsy\" alt=\"\"  width=\"2000\"  height=\"1502\" loading=\"lazy\"><\/a>\n                                                                    <\/div>\n                                \n                            \n                            <\/div>\n\n                                                    <\/div>\n\n                        \n                    <\/li>\n\n                    \n                    <li class=\"bluesky-social-integration-last-post-item\">\n\n                        \n                        <a title=\"Get to this post\" href=\"https:\/\/bsky.app\/profile\/yahee.bsky.social\/post\/3ldea4xmlts2r\" class=\"bluesky-social-integration-last-post-link\"><span class=\"screen-reader-text\">Get to this post<\/span><\/a>\n                        <div class=\"bluesky-social-integration-last-post-header\">\n                                                        <img decoding=\"async\" src=\"https:\/\/cdn.bsky.app\/img\/avatar\/plain\/did:plc:qup5vkqwkvpji7glmt4v3qdk\/bafkreie2xbi75m6zxpeocgrvctkpxq2mreh3bocwealcmwrbd7e725mk34\" width=\"42\" height=\"42\" alt=\"\" class=\"avatar post-avatar\">\n                        <\/div>\n                        <div class=\"bluesky-social-integration-last-post-content\">\n                            <p class=\"bluesky-social-integration-post-account-info-names\">\n                                                                <span class=\"bluesky-social-integration-post-account-info-name\">YAHEE &#8211; Young Adults in Health-Enhancing Equitable Environments<\/span>\n                                <span class=\"bluesky-social-integration-post-account-info-handle\">@yahee.bsky.social<\/span>\n                                <span class=\"bluesky-social-integration-post-account-info-date\">1\u00a0an<\/span>\n                            <\/p>\n\n                            <div class=\"bluesky-social-integration-post-content-text\" lang=\"en\">\n                            \n                            We\u2019re ready to use TRAVELTRACK, a citizen science tool, to make environments more Health enhancing                                 <div class=\"bluesky-social-integration-post-gallery\" style=\"--bluesky-gallery-nb: 1\">\n                                                                        <a href=\"https:\/\/cdn.bsky.app\/img\/feed_fullsize\/plain\/did:plc:qup5vkqwkvpji7glmt4v3qdk\/bafkreidhuvnues4qkxpkv7cfcnelinjkmy3rw2iaj2ant5pyibhialrlle\" class=\"bluesky-gallery-image\"><img loading=\"lazy\" decoding=\"async\" src=\"https:\/\/cdn.bsky.app\/img\/feed_fullsize\/plain\/did:plc:qup5vkqwkvpji7glmt4v3qdk\/bafkreidhuvnues4qkxpkv7cfcnelinjkmy3rw2iaj2ant5pyibhialrlle\" alt=\"\"  width=\"740\"  height=\"1041\" loading=\"lazy\"><\/a>\n                                                                    <\/div>\n                                \n                            \n                            <\/div>\n\n                                                    <\/div>\n\n                        \n                    <\/li>\n\n                    \n                <\/ul>\n            <\/aside>\n            \n\n\n<div class=\"wp-block-columns is-layout-flex wp-container-core-columns-is-layout-1 wp-block-columns-is-layout-flex\">\n<div class=\"wp-block-column is-layout-flow wp-block-column-is-layout-flow\">\n<div class=\"wp-block-group is-layout-constrained wp-block-group-is-layout-constrained\">\n<h4 class=\"wp-block-heading has-text-align-left\"><strong><mark style=\"background-color:rgba(0, 0, 0, 0);color:#273a74\" class=\"has-inline-color\"><a style=\"text-decoration: none;\" href=\"https:\/\/yahee-project.com\/index.php\/team\/\" data-type=\"page\" data-id=\"10\">Rencontrez l&rsquo;\u00e9quipe YAHEE<\/a><\/mark><\/strong><\/h4>\n\n\n\n<figure class=\"wp-block-image alignleft size-large is-resized\"><img decoding=\"async\" src=\"http:\/\/yahee-project.com\/wp-content\/uploads\/2025\/01\/team.png\" alt=\"\" style=\"width:188px;height:auto\"\/><\/figure>\n<\/div>\n<\/div>\n\n\n\n<div class=\"wp-block-column is-vertically-aligned-center is-layout-flow wp-block-column-is-layout-flow\">\n<div class=\"wp-block-group is-layout-constrained wp-block-group-is-layout-constrained\">\n<div class=\"wp-block-group is-layout-constrained wp-block-group-is-layout-constrained\">\n<a href=\"https:\/\/yahee-project.com\/index.php\/fr\/coconut-survey-2\/\" style=\"display: block; text-decoration: none; color: inherit;\">\n<div style=\"border: 2px solid #0edf98; padding: 15px; border-radius: 5px; text-align: center;\">\n  <h2 style=\"font-size: 24px; margin-bottom: 15px;\">\n    <strong><mark style=\"background-color:rgba(0, 0, 0, 0);color:#0edf98\"> Vous \u00eates \u00e9tudiante ou \u00e9tudiant ?<\/mark><\/strong>\n  <\/h2>\n  <p style=\"text-align: left;\">Participez \u00e0 l&rsquo;\u00e9tude en ligne <strong><mark style=\"background-color:rgba(0, 0, 0, 0);color:#0edf98\">CoCoNut<\/mark><\/strong> pour nous aider \u00e0 mieux comprendre les comportements nutritionnels des \u00e9tudiants !<\/p>\n<\/div> <\/a>\n<\/div>\n<\/div>\n<\/div>\n<\/div>\n\n\n\n<div class=\"wp-block-columns is-layout-flex wp-container-core-columns-is-layout-2 wp-block-columns-is-layout-flex\">\n<div class=\"wp-block-column is-layout-flow wp-block-column-is-layout-flow\" style=\"flex-basis:50%\">\n<div class=\"wp-block-group is-layout-constrained wp-block-group-is-layout-constrained\">\n<h4 class=\"wp-block-heading\"><strong><mark style=\"background-color:rgba(0, 0, 0, 0);color:#273a74\" class=\"has-inline-color\">Nos financeurs<\/mark><\/strong><\/h4>\n\n\n\n<figure class=\"wp-block-image size-full is-resized\"><img decoding=\"async\" width=\"337\" height=\"64\" src=\"https:\/\/yahee-project.com\/wp-content\/uploads\/2025\/02\/money.png\" alt=\"\" class=\"wp-image-190\" style=\"width:274px;height:auto\" srcset=\"https:\/\/yahee-project.com\/wp-content\/uploads\/2025\/02\/money.png 337w, https:\/\/yahee-project.com\/wp-content\/uploads\/2025\/02\/money-300x57.png 300w\" sizes=\"(max-width: 337px) 100vw, 337px\" \/><\/figure>\n\n\n\n<figure class=\"wp-block-image size-full is-resized\"><img fetchpriority=\"high\" decoding=\"async\" width=\"555\" height=\"202\" src=\"https:\/\/yahee-project.com\/wp-content\/uploads\/2025\/03\/Sans-titre-1.png\" alt=\"\" class=\"wp-image-231\" style=\"width:207px;height:auto\" srcset=\"https:\/\/yahee-project.com\/wp-content\/uploads\/2025\/03\/Sans-titre-1.png 555w, https:\/\/yahee-project.com\/wp-content\/uploads\/2025\/03\/Sans-titre-1-300x109.png 300w\" sizes=\"(max-width: 555px) 100vw, 555px\" \/><\/figure>\n<\/div>\n<\/div>\n\n\n\n<div class=\"wp-block-column is-layout-flow wp-block-column-is-layout-flow\" style=\"flex-basis:50%\">\n<div class=\"wp-block-group is-layout-constrained wp-block-group-is-layout-constrained\">\n<h4 class=\"wp-block-heading\"><strong><mark style=\"background-color:rgba(0, 0, 0, 0);color:#273a74\" class=\"has-inline-color\">Partenaires du projet<\/mark><\/strong><\/h4>\n\n\n\n<figure class=\"wp-block-image size-full is-resized wp-duotone-unset-1\"><img loading=\"lazy\" decoding=\"async\" width=\"837\" height=\"98\" src=\"https:\/\/yahee-project.com\/wp-content\/uploads\/2025\/02\/partners-1.png\" alt=\"\" class=\"wp-image-188\" style=\"width:599px;height:auto\" srcset=\"https:\/\/yahee-project.com\/wp-content\/uploads\/2025\/02\/partners-1.png 837w, https:\/\/yahee-project.com\/wp-content\/uploads\/2025\/02\/partners-1-300x35.png 300w, https:\/\/yahee-project.com\/wp-content\/uploads\/2025\/02\/partners-1-768x90.png 768w\" sizes=\"(max-width: 837px) 100vw, 837px\" \/><\/figure>\n<\/div>\n<\/div>\n<\/div>\n\n\n\n<p><\/p>\n","protected":false},"excerpt":{"rendered":"<p>Le projet YAHEE Le projet s\u2019appuie sur les sciences citoyennes et participatives pour favoriser la co-production de connaissances sur les [&hellip;]<\/p>\n","protected":false},"author":1,"featured_media":0,"parent":0,"menu_order":0,"comment_status":"closed","ping_status":"closed","template":"","meta":{"site-sidebar-layout":"default","site-content-layout":"","ast-site-content-layout":"","site-content-style":"default","site-sidebar-style":"default","ast-global-header-display":"","ast-banner-title-visibility":"","ast-main-header-display":"","ast-hfb-above-header-display":"","ast-hfb-below-header-display":"","ast-hfb-mobile-header-display":"","site-post-title":"disabled","ast-breadcrumbs-content":"","ast-featured-img":"","footer-sml-layout":"","theme-transparent-header-meta":"","adv-header-id-meta":"","stick-header-meta":"","header-above-stick-meta":"","header-main-stick-meta":"","header-below-stick-meta":"","astra-migrate-meta-layouts":"default","ast-page-background-enabled":"default","ast-page-background-meta":{"desktop":{"background-color":"var(--ast-global-color-5)","background-image":"","background-repeat":"repeat","background-position":"center center","background-size":"auto","background-attachment":"scroll","background-type":"","background-media":"","overlay-type":"","overlay-color":"","overlay-opacity":"","overlay-gradient":""},"tablet":{"background-color":"","background-image":"","background-repeat":"repeat","background-position":"center center","background-size":"auto","background-attachment":"scroll","background-type":"","background-media":"","overlay-type":"","overlay-color":"","overlay-opacity":"","overlay-gradient":""},"mobile":{"background-color":"","background-image":"","background-repeat":"repeat","background-position":"center center","background-size":"auto","background-attachment":"scroll","background-type":"","background-media":"","overlay-type":"","overlay-color":"","overlay-opacity":"","overlay-gradient":""}},"ast-content-background-meta":{"desktop":{"background-color":"var(--ast-global-color-4)","background-image":"","background-repeat":"repeat","background-position":"center center","background-size":"auto","background-attachment":"scroll","background-type":"","background-media":"","overlay-type":"","overlay-color":"","overlay-opacity":"","overlay-gradient":""},"tablet":{"background-color":"var(--ast-global-color-4)","background-image":"","background-repeat":"repeat","background-position":"center center","background-size":"auto","background-attachment":"scroll","background-type":"","background-media":"","overlay-type":"","overlay-color":"","overlay-opacity":"","overlay-gradient":""},"mobile":{"background-color":"var(--ast-global-color-4)","background-image":"","background-repeat":"repeat","background-position":"center center","background-size":"auto","background-attachment":"scroll","background-type":"","background-media":"","overlay-type":"","overlay-color":"","overlay-opacity":"","overlay-gradient":""}},"footnotes":""},"class_list":["post-274","page","type-page","status-publish","hentry"],"_links":{"self":[{"href":"https:\/\/yahee-project.com\/index.php\/wp-json\/wp\/v2\/pages\/274","targetHints":{"allow":["GET"]}}],"collection":[{"href":"https:\/\/yahee-project.com\/index.php\/wp-json\/wp\/v2\/pages"}],"about":[{"href":"https:\/\/yahee-project.com\/index.php\/wp-json\/wp\/v2\/types\/page"}],"author":[{"embeddable":true,"href":"https:\/\/yahee-project.com\/index.php\/wp-json\/wp\/v2\/users\/1"}],"replies":[{"embeddable":true,"href":"https:\/\/yahee-project.com\/index.php\/wp-json\/wp\/v2\/comments?post=274"}],"version-history":[{"count":7,"href":"https:\/\/yahee-project.com\/index.php\/wp-json\/wp\/v2\/pages\/274\/revisions"}],"predecessor-version":[{"id":355,"href":"https:\/\/yahee-project.com\/index.php\/wp-json\/wp\/v2\/pages\/274\/revisions\/355"}],"wp:attachment":[{"href":"https:\/\/yahee-project.com\/index.php\/wp-json\/wp\/v2\/media?parent=274"}],"curies":[{"name":"wp","href":"https:\/\/api.w.org\/{rel}","templated":true}]}}